{"id":46,"date":"2026-04-19T12:49:59","date_gmt":"2026-04-19T10:49:59","guid":{"rendered":"https:\/\/10psicologia.com\/?page_id=46"},"modified":"2026-04-19T17:00:14","modified_gmt":"2026-04-19T15:00:14","slug":"sobre-el-vinculo","status":"publish","type":"page","link":"https:\/\/10psicologia.com\/cat\/sobre-el-vinculo\/","title":{"rendered":"Sobre el vincle"},"content":{"rendered":"<div class=\"wp-block-group alignfull is-style-section-2 has-global-padding is-content-justification-center is-layout-constrained wp-block-group-is-layout-constrained\" style=\"margin-top:0;margin-bottom:0;padding-top:var(--wp--preset--spacing--40);padding-bottom:var(--wp--preset--spacing--40)\">\n<div class=\"wp-block-columns alignwide are-vertically-aligned-center is-layout-flex wp-container-core-columns-is-layout-7d3da7e7 wp-block-columns-is-layout-flex\">\n<div class=\"wp-block-column is-vertically-aligned-center is-layout-flow wp-block-column-is-layout-flow\">\n<figure class=\"wp-block-image size-full is-style-rounded is-style-rounded--1\"><img data-recalc-dims=\"1\" loading=\"lazy\" decoding=\"async\" width=\"731\" height=\"1300\" data-attachment-id=\"50\" data-permalink=\"https:\/\/10psicologia.com\/cat\/sobre-el-vinculo\/pexels-photo-6786947\/\" data-orig-file=\"https:\/\/i0.wp.com\/10psicologia.com\/wp-content\/uploads\/2026\/04\/pexels-photo-6786947.jpeg?fit=731%2C1300&amp;ssl=1\" data-orig-size=\"731,1300\" data-comments-opened=\"1\" data-image-meta=\"{&quot;aperture&quot;:&quot;0&quot;,&quot;credit&quot;:&quot;&quot;,&quot;camera&quot;:&quot;&quot;,&quot;caption&quot;:&quot;&quot;,&quot;created_timestamp&quot;:&quot;0&quot;,&quot;copyright&quot;:&quot;&quot;,&quot;focal_length&quot;:&quot;0&quot;,&quot;iso&quot;:&quot;0&quot;,&quot;shutter_speed&quot;:&quot;0&quot;,&quot;title&quot;:&quot;&quot;,&quot;orientation&quot;:&quot;0&quot;,&quot;alt&quot;:&quot;&quot;}\" data-image-title=\"pexels-photo-6786947.jpeg\" data-image-description=\"\" data-image-caption=\"&lt;p&gt;Photo by Artem Podrez on &lt;a href=&quot;https:\/\/www.pexels.com\/es-es\/foto\/hombre-persona-amor-gente-6786947\/&quot; rel=&quot;nofollow&quot;&gt;Pexels.com&lt;\/a&gt;&lt;\/p&gt;\" data-large-file=\"https:\/\/i0.wp.com\/10psicologia.com\/wp-content\/uploads\/2026\/04\/pexels-photo-6786947.jpeg?fit=576%2C1024&amp;ssl=1\" src=\"https:\/\/i0.wp.com\/10psicologia.com\/wp-content\/uploads\/2026\/04\/pexels-photo-6786947.jpeg?resize=731%2C1300&#038;ssl=1\" alt=\"\" class=\"wp-image-50\" style=\"aspect-ratio:1;object-fit:cover\"\/><\/figure>\n<\/div>\n\n\n\n<div class=\"wp-block-column is-vertically-aligned-center is-layout-flow wp-block-column-is-layout-flow\">\n<h2 class=\"wp-block-heading alignwide\">Per qu\u00e8 \u00e9s important?<\/h2>\n\n\n\n<p class=\"wp-block-paragraph\">En psicologia, <strong><mark style=\"background-color:rgba(0, 0, 0, 0)\" class=\"has-inline-color has-contrast-2-color\">el vincle \u00e9s la relaci\u00f3 emocional profunda que les persones estableixen amb altres figures significatives. <\/mark><\/strong>Aquest vincle compleix una funci\u00f3 essencial en el desenvolupament emocional, la regulaci\u00f3 de les emocions i la sensaci\u00f3 de seguretat interna.<br>L' <strong>Teoria del vincle<\/strong>, desenvolupada pel psiquiatre John Bowlby, explica que els \u00e9ssers humans naixem amb una necessitat innata de vinculaci\u00f3. A trav\u00e9s de les primeres relacions, especialment durant la inf\u00e0ncia, es construeixen els models interns que influeixen en com ens relacionem amb els altres i amb nosaltres mateixos al llarg de la vida.<br><strong><mark style=\"background-color:rgba(0, 0, 0, 0)\" class=\"has-inline-color has-contrast-2-color\">Quan el vincle \u00e9s segur, la persona desenvolupa confian\u00e7a, autonomia i capacitat per afrontar les dificultats. <\/mark><\/strong>En canvi, experi\u00e8ncies vinculars insegures poden donar lloc a dificultats emocionals i relacionals que es mantenen en l\u2019edat adulta.<br>Des d\u2019aquesta perspectiva, el vincle no nom\u00e9s es construeix durant la inf\u00e0ncia: tamb\u00e9 \u00e9s present en les relacions adultes i en el <strong>proc\u00e9s terap\u00e8utic<\/strong>, on la relaci\u00f3 psicol\u00f2gica pot esdevenir un espai de seguretat i reparaci\u00f3 emocional.<\/p>\n\n\n\n<p class=\"wp-block-paragraph\"><br>La teoria de l\u2019aferrament de Bowlby \u00e9s fonamental en la meva manera d\u2019entendre la psicologia i l\u2019acompanyament terap\u00e8utic. <strong><mark style=\"background-color:rgba(0, 0, 0, 0)\" class=\"has-inline-color has-contrast-2-color\">Considero que el canvi emocional profund es produeix dins d\u2019un vincle segur, basat en l\u2019escolta, la confian\u00e7a i el respecte pel ritme de cada persona. <\/mark><\/strong>Per aix\u00f2, la meva feina posa una atenci\u00f3 especial a cuidar la relaci\u00f3 terap\u00e8utica com un espai on comprendre la hist\u00f2ria vincular i obrir noves formes de relaci\u00f3 amb un mateix i amb els altres.<\/p>\n\n\n\n<div class=\"wp-block-buttons is-layout-flex wp-block-buttons-is-layout-flex\"><\/div>\n<\/div>\n<\/div>\n<\/div>\n\n\n\n<figure class=\"wp-block-pullquote\"><blockquote><p>La sensaci\u00f3 de seguretat neix de l\u2019experi\u00e8ncia de ser sostinguts per un altre.<\/p><cite>Mary Ainsworth<\/cite><\/blockquote><\/figure>","protected":false},"excerpt":{"rendered":"<p>\u00bfPor qu\u00e9 es importante? En psicolog\u00eda, el v\u00ednculo es la relaci\u00f3n emocional profunda que las personas establecen con otras figuras significativas. Este v\u00ednculo cumple una funci\u00f3n esencial en el desarrollo emocional, la regulaci\u00f3n de las emociones y la sensaci\u00f3n de seguridad interna.La teor\u00eda del apego, desarrollada por el psiquiatra John Bowlby, explica que los seres [&hellip;]<\/p>\n","protected":false},"author":132824694,"featured_media":0,"parent":0,"menu_order":0,"comment_status":"closed","ping_status":"closed","template":"","meta":{"_crdt_document":"{\"document\":\"AACDAbuav\/0cvfjlyBimr6KVA9KkqIIMA6avopUD\/fjlyBgA+5q\/\/RwAvfjlyBiCiNXRDKavopUDwojV0QwCkqSoggymr6KVA9KkqIIMAqavopUDkqSoggzmr6KVAxSSpKiCDOavopUDAdKkqIIMAuavopUDEpPPnOQIueGItgjmr6KVA7IKxwcDBJrqAuLqAgIKAlAGAwBKKkYDAAqq6QT0iwIaFhAEGgQMBJQBBJiIAwTogAOu+wFC8pUDQoCbAwL+6QSCzwECAPjOAZgC1gKaArKQBAgDAAgCBgQIFvaUBDYBAw5cvAc6AwAMqAGOC64KBAMADAQHAKIEhgUCGgamAgSOAzYEMgUAAjIOAhAOEBoKFAKiAQYiApYCmgGaCxgKDASqAQQCBAMEBAMBBAIEAxIGAwAEAwmMBgqcAcxTgC4EhAQEmBcEAgQCBAMBkkzOTAMBBAIEAwKKW8hbAw0GAwAEAwe4bvZuApR05ngYCgyigAH2NPBJmkyUD\/paqG+gBaoI3oAB2keUzgEBAQgASPyjAYYIBQACMg4CEA4QGgoUAqAlhHYCEAMKBgIEAwEUAwgE5tMBQqg4zi2OC4q9AQMA4LIBBAMADAQHAKIEohSaAbgVCpwBhgiEdgKIAgMA0gTYpAEaBrgFggYGItw3AJzdAgECCgEDShgCAQIKAQFKFAIBAgpKDgIBAgoBBUpQLgECCkoOAgECCgJCAEoAmAEBAgoDEAQDAQYDDwgCCQAEAwAEAgYCBAIEAwAECgIEAgQDAQQCBQECBQACBAMBBAMBBAIEAgQDCAUAAwAGCAIEAwEFAAgDAAgDAgcABAMBBQADAwUBAgQCBgIIBAMFCAoDAAQDAwQDAAjmB0oAuAcBAwz+CQZItAGUDQ4Ezg0CjA7KDgKiDhLyDr4OBgLED4wPyg8DBp4R3BEEAwEGAwAEAwK6FPgUAwYIAgkABAMABAIGAgQCBAMABAoCBAIEAwEEAgUBAgUAAgQDAQQDAQQCBAIEAwgFAAMABggCBAMBBQAIAwAIAwIHAAQDAQUAAwMFAQIEAgYCCAQDBQgKAwAEAwMEAwAIypcBAwCozQHmzQEDBwYCBKjqAZoBwOwBArzsARS4A8bxAYrxAZwCAiwCkAIEGvD2AQMIBAK0\/wEGEA4DAAUAAwIEAgQDAQQCBAK4AqAElgsDAAQCBAIErgO4DAasAboDhgWuCx6kBAYDAgQDAwQIFhDUtQFGprUB6rMBrrMBAqAtliIBAQgBAEj0pwGaAZIdlguSgQEDARQDAQ4CBAIQBAIEAgQDAcymAcCqAQKMywKSBcZVnHXaoQKCwgKWCxqsA7YMigSGBcoa4MYCuuYCAkT45gK65gIDAODjAqLjAsggrAOoH+gOhgX+\/AEGBAMABAYEAgUAAga4ArYPmIEBFhoUAgQCBgMA6oIBBgQCsgOkEoYFpNoBxPwCnIgDAQIKAkJK7vEBgwOGxAMBAbpPCAMACAIGBAgW9pQEpi4EhAQEmBcEAgQCBAMBAAQDAQQCBAMCAAMOBgMABAMHAAMAANIEGAoMALoBAppMlA+YA5YRoAWqCN6AAcIdhggFAAIyDgIQDhAaChQCjALOLY4LgCLSFwQDAAwEBwCiBKIUmgG4FQqcAYh+AwDamQHGDQIaBrgFggYGIraWAbpNikOYAQQCAAMAAQACAQECAAMHAAIEAwEGAwAEAwIAAwcIAgkABAMABAIGAgQCBAMABAoCBAIEAwEEAgUBAgUAAgQDAQQDAQQCBAIEAwgFAAMABggCBAMBBQAIAwAIAwIHAAQDAQUAAwMFAQIEAgYCCAQDBQgKAwAEAwMEAwAIypcBAwAAAwgGAgQBAAMAAQECAQYUAwgEupUBAA6uU5oBkh2WCwET3iO6fvzgAQEAkPUCAwDU9QK2EZrDAqwDgBGGBf78AQYEAwAEBgQCBQACBrgChJEBChYaFAIEAgYDAOqCAQYEArIDpBKGBY4SwB2pBCgAwQCoBaEBqAEhAMEAoQGoACEAwQCoAaECIQDBAKEEqAkoAKEAIQChAqgAJwEEAIEAAQCEAMQJIQQnAAEAJwEoACEAKAInACgFJwABAAAABACBAIQAgQCEAIFkRACEAAAAwQMAAME2AADBCwAAwQEAAIcAIQAoACEAJwAhAScAwQ6BBIQcqAEoAMEAIQEAAMECoQEAAMERoQEAAMEIAADHACEAKAInACgFJwAHACEAKAInACgDJwAHACEAKAInACgAJwAHACEAKAAhACgAJwAhACgAIQEoAycAhwAhACgAIQAoACcAKAAnAAcAIQAoACEAKAAnAQEAKAEnAIcAIQAoACEAKAAnAQEAhACBAIQCgQCEEIEAhASBgwEoACcAhwAhACgCJwEBAAAAoQAAAKgAIQBBAIEAhACBAIQARADEAMEAxALBAMQBwQDEAMEBxBfBhgHEEcEAxALBAMQAwQDEAMEAxADBAMQMhACBAIQAgQCEAIEAhAOBAIQAgQCEAoEAhAKBAIQDgQCEAIEAhAKBAIQCgQCEAoEAhACBAIQDgQCEAoEAhAOBAIQAoQAoAKEAwQAAAKEAwQAAAKEARwAhACgBJwAoAScBxAHBAcQAwQDEAMEAxADBAMQAwQDEAMEAxADBAMQDwQDEAsEBoQIAAKEAwQAAAKEAhAChAIQCgQKhAMQCoQDEBKEAxAGhAMEBxB+nAMcAIQAoACEAKAAnAQQAKAAnAMSlPrU7c3RhdGV2ZXJzaW9uc3RhdGV2ZXJzaW9uc3RhdGV2ZXJzaW9uc3RhdGV2ZXJzaW9ub3JpZ2luYWxDb250ZW50b3JpZ2luYWxDb250ZW50dmFsdWVjaXRhdGlvbkxhIHNlbnNhY2nDs24gZGUgc2VndXJpZGFkIG5hY2UgZGUgbGEgZXhwZXJpZW5jaWEgZGUgc2VyIHNvc3Rlbmlkb3MgcG9yIG90cm9NYXJ5IEFpbnN3b3J0aHVsbHF1b3RlIC0tPgo8Zml1ZSBjbHNzPSJ3YmxvY2twdWxscXVvdGUiYmxvY2txdW90ZT48TGEgc2Vuc2FjacOzbiBkZSBzZWd1cmlkYWQgbmFjZSBkZSBsYSBleHBlcmllbmNpYSBkZSBzZXIgc29zdGVuaWRvcyBwb3Igb3RybzxjaXRlPk1hcnkgQWluc3dvcnRoPC9jaXRlPjwvYmxvY2txdW90ZT48L2ZpZ3VyZT51bGxxdW90ZXN0YXRldmVyc2lvbnN0YXRldmVyc2lvbnN0YXRldmVyc2lvbmRvY3VtZW50ZGF0ZWRvY3VtZW50c3RhdHVzZG9jdW1lbnR0aXRsZWRvY3VtZW50Y29udGVudGRvY3VtZW50ZXhjZXJwdGRvY3VtZW50YXV0aG9yZG9jdW1lbnRmZWF0dXJlZF9tZWRpYWRvY3VtZW50Y29tbWVudF9zdGF0dXNkb2N1bWVudHBpbmdfc3RhdHVzZG9jdW1lbnR0ZW1wbGF0ZWRvY3VtZW50bWV0YWFkdmFuY2VkX3Nlb19kZXNjcmlwdGlvbmpldHBhY2tfc2VvX2h0bWxfdGl0bGVqZXRwYWNrX3Nlb19ub2luZGV4amV0cGFja19wb3N0X3dhc19ldmVyX3B1Ymxpc2hlZHJlYWRlcl9zdWdnZXN0ZWRfdGFnc2Zvb3Rub3Rlc2RvY3VtZW50YmxvY2tzPCEtLSB3cDpncm91cCB7Im1ldGFkYXRhIjp7Im5hbWUiOiJTb2JyZSBlbCB2w61uY3Vsb2NsaWVudElkaXNWYWxpZG5hbWVhdHRyaWJ1dGVzY29udGVudGRyb3BDYXBpbm5lckJsb2Nrc3JhZ3JhcGggLS0+CjxwPjwvcD4KPCEtLSAvd3A6cGFyYWdyYXBoIC0tPmRvY3VtZW50c2x1Z3N0YXRlc2F2ZWRBdHN0YXRlc2F2ZWRCeWNsaWVudElkaXNWYWxpZG9yaWdpbmFsQ29udGVudG5hbWVhdHRyaWJ1dGVzdGFnTmFtZW1ldGFkYXRhYWxpZ25jbGFzc05hbWVzdHlsZWxheW91dGlubmVyQmxvY2tzY2xpZW50SWRpc1ZhbGlkb3JpZ2luYWxDb250ZW50bmFtZWF0dHJpYnV0ZXN2ZXJ0aWNhbEFsaWdubWVudGlzU3RhY2tlZE9uTW9iaWxlYWxpZ25zdHlsZWlubmVyQmxvY2tzY2xpZW50SWRpc1ZhbGlkb3JpZ2luYWxDb250ZW50bmFtZWF0dHJpYnV0ZXN2ZXJ0aWNhbEFsaWdubWVudGlubmVyQmxvY2tzY2xpZW50SWRpc1ZhbGlkb3JpZ2luYWxDb250ZW50bmFtZWF0dHJpYnV0ZXN1cmxhbHRjYXB0aW9uaWRhc3BlY3RSYXRpb3NjYWxlc2l6ZVNsdWdsaW5rRGVzdGluYXRpb25pbm5lckJsb2Nrc2NsaWVudElkaXNWYWxpZG9yaWdpbmFsQ29udGVudG5hbWVhdHRyaWJ1dGVzdmVydGljYWxBbGlnbm1lbnRpbm5lckJsb2Nrc2NsaWVudElkaXNWYWxpZG9yaWdpbmFsQ29udGVudG5hbWVhdHRyaWJ1dGVzY29udGVudGxldmVsYWxpZ25pbm5lckJsb2Nrc2NsaWVudElkaXNWYWxpZG9yaWdpbmFsQ29udGVudG5hbWVhdHRyaWJ1dGVzY29udGVudGludmVpZG8gYSB1biBtdW5kbyBkZSBpbmluaXRhZHJvcENhcGlubmVyQmxvY2tzY2xpZW50SWRpc1ZhbGlkb3JpZ2luYWxDb250ZW50bmFtZWF0dHJpYnV0ZXNpbm5lckJsb2Nrc2xpbmvCv1BvciBxdcOpIGVzIGltcG9ydGFudGU\/RW4gcHNjb2xvZ8OtYSwgPHN0cm9nPsOtbmN1bG8gcyBsYSByZWxhY8OzbiBlbW9jaW9uYWwgcHJvZnVuYSBxdWUgbGFzIHBlcnNuYXNlc3RibGVjZW5jb24gb3RyYXMgZmlncmFzIHNpZ2lmaWNhdGl2YXMuPC9zdHJvbmc+RXN0ZSB2w61uY3VsbyBjdXBsZSBhIGZ1bmNpw7NuIGVzZW5jaWFsIGVuIGVsIGVzYXJybGxvZW1vY2lvbmFsLCBsYSByZWd1bGFjacOzbiBsYXMgZW1vY29lcyB5IGxhIHNlbnNhY8OzIGRlIHNlZ3VyZGFkIGluZXJuLkludG8iLCJjdGVvaWVzIjpbImJvdXQiXSwiYXR0ZXJuTmFtZSI6ImE4Yy9pbnRyby1pbWFnZS1yaWd0LWFuZC1jb250ZW50LWxlZnQifSwiYWxpZ24iOiJmdWxsIiwiY2xhc3NOYW1lIjoiYWxpZ25mdWxsaXNzdHlsZXNlY3Rpb24tMiIsInN0eWxlIjp7InNwYWNpbmciOnsibWFyZ2luIjp7InRvcCI6IjAiLCJib3R0b20iOiIwIn0sInBhZGRpbmciOnsidG9wIjoidmFyOnByZXNldHxzcGFjaW5nfDQwIiwiYm90dG9tIjoidmFyOnByZXNldHxzcGFjaW5nfDQwIn19fSwibGF5b3V0Ijp7InR5cGUiOiJjb25zdHJhaW5lZCIsImp1c3RpZnlDb250ZW50IjoiY2VudGVyIn19IC0tZGl2IGNsYXNzPSJ3LWJsb2NrLWdyb3VwIGFsaWduZnVsbCBpcy1zdHlsZS1zZWN0aW9uLTIiIHN0eWxlPSJtYXJnaW4tdG9wOjA7bWFyZ2luLWJvdHRvbTowO3BhZGRpbmctdG9wOnZhcigtLXdwLS1wcmVzZXQtLXNwYWNpbmctLTQwKTtwYWRkaW5nLWJvdHRvbTp2YXIoLS13cC0tcHJlc2V0LS1zcGFjaW5nLS00MCkiIS0tIHdwOmNvbHVtbnMgeyJ2ZXJ0aWNhbEFsaWdubWVudCI6ImNlbnRlciIsImFsaWduIjoid2lkZSIsInN0eWxlIjp7InNwYWNpbmciOnsiYmxvY2tHYXAiOnsidG9wIjoidmFyOnByZXNldHxzcGFjaW5nfDUwIiwibGVmdCI6InZhcjpwcmVzZXR8c3BhY2luZ3w0MCJ9fX19IC0tPgo8ZGl2IGNsYXNzPSJ3cC1ibG9jay1jb2x1bW5zIGFsaWdud2lkZSBhcmUtdmVydGljYWxseS1hbGlnbmVkLWNlbnRlciI+PCEtLSB3cDpjb2x1bW4geyJ2ZXJ0aWNhbEFsaWdubWVudCI6ImNlbnRlciJ9IC0tPgo8ZGl2IGNsYXNzPSJ3cC1ibG9jay1jb2x1bW4gaXMtdmVydGljYWxseS1hbGlnbmVkLWNlbnRlciI+PCEtLSB3cDppbWFnZSB7ImlkIjo1MCwiYXNwZWN0UmF0aW8iOiIxIiwic2NhbGUiOiJjb3ZlciIsInNpemVTbHVnIjoiZnVsbCIsImxpbmtEZXN0aW5hdGlvbiI6Im5vbmUifSAtLT4KPGZpZ3VyZSBjbGFzcz0id3AtYmxvY2staW1hZ2Ugc2l6ZS1mdWxsIj48aW1nIHNyYz0iaHR0cHM6LzEwc2ljb2xvZ2lhLmNvbS93cC1jb250ZW50L3VwbG9hZHMvMjAyNi8wNC9wZXhlbHMtcGhvdG8tNjc4Njk0Ny5qcGVnIiBhbHQ9IiIgY2xhc3M9IndwLWltYWdlLTUwIiBzdHlsZT0iYXNwZWN0LXJhdGlvOjE7b2JqZWN0LWZpdDpjb3ZlciIvPC9maWd1cmU+aW1hZ2UgLS0+PC9kaXY+CjwhLS0gL3c6Y29sdW1uIC0tPgoKPCEtLSB3cDpjb2x1bW4geyJ2ZXJ0aWNsQWxpZ25tZW50IjoiY2VudGUifSAtLT4KPGRpdiBjbHNzPSJ3cC1ibG9jay1jb2x1bW4gaXMtdmVydGljYWxseS1hbGluZWQtY2VudGUiPjwhLS0gd3A6aGVkaW5nIHsiYWxpZ24iOiJ3aWRlIn0gLS0+CjxoMiBjbGFzcz0idy1ibG9jay1lYWRpbmdhbGlnbndpZGUiPsK\/UG9yIHF1w6kgZXMgaW1wb3J0YW50ZT88L2gyPgo8ISAvd3A6aGVhZGluZyAtLQoKPCEtLSB3cDpwYXJhZ3JhcGggLS0+CjxwPkVuIHBzaWNvbG9nw61hLCA8c3Ryb25nPjxzdHJvbmcgIGxhIHN0cm8+cmVsYWNpw7NuIGVtb2Npb25hbCBwcm9mdW5kYSBxdWUgbGFzIHBlcnNvbmFzIGVzdGFibGVjZW4gY29uIG90cmFzIGZpZ3VyYXMgc2lnbmlmaWNhdGl2YXMuIDwvc3Ryb25nPkVzdGUgdsOtbmN1bG8gY3VtcGxlIHVuYSBmdW5jacOzbiBlc2VuY2lhbCBlbiBlbCBkZXNhcnJvbGxvIGVtb2Npb25hbCwgbGEgcmVndWxhY2nDs24gZGUgbGFzIGVtb2Npb25lcyB5IGxhIHNlbnNhY2nDs24gZGUgc2VndXJpZGFkIGludGVybmEuPGJyPkxhIDxzdHJvbmc+dGVvcsOtYSBkZWwgYXBlZ288L3N0cm9uZz4sIGRlc2Fycm9sbGFkYSBwb3IgZWwgcHNpcXVpYXRyYSBKb2huIEJvd2xieSwgZXhwbGljYSBxdWUgbG9zIHNlcmVzIGh1bWFub3MgbmFjZW1vcyBjb24gdW5hIG5lY2VzaWRhZCBpbm5hdGEgZGUgdmluY3VsYWNpw7NuLiBBIHRyYXbDqXMgZGUgbGFzIHByaW1lcmFzIHJlbGFjaW9uZXMsIGVzcGVjaWFsbWVudGUgZW4gbGEgaW5mYW5jaWEsIHNlIGNvbnN0cnV5ZW4gbG9zIG1vZGVsb3MgaW50ZXJub3MgcXVlIGluZmx1eWVuIGVuIGPDs21vIG5vcyByZWxhY2lvbmFtb3MgY29uIGxvcyBkZW3DoXMgeSBjb24gbm9zb3Ryb3MgbWlzbW9zIGEgbG8gbGFyZ28gZGUgbGEgdmlkYS48cnN0cm8+Q3VhbmRvIGVsIHbDrW5jdWxvIGVzIHNlZ3VybywgbGEgcGVyc29uYSBkZXNhcnJvbGxhIGNvbmZpYW56YSwgYXV0b25vbcOtYSB5IGNhcGFjaWRhZCBwYXJhIGFmcm9udGFyIGxhcyBkaWZpY3VsdGFkZXMuIDwvc3Ryb25nPkVuIGNhbWJpbywgZXhwZXJpZW5jaWFzIHZpbmN1bGFyZXMgaW5zZWd1cmFzIHB1ZWRlbiBkYXIgbHVnYXIgYSBkaWZpY3VsdGFkZXMgZW1vY2lvbmFsZXMgeSByZWxhY2lvbmFsZXMgcXVlIHNlIG1hbnRpZW5lbiBlbiBsYSBldGFwYSBhZHVsdGEuPGJyPkRlc2RlIGVzdGEgcGVyc3BlY3RpdmEsIGVsIHbDrW5jdWxvIG5vIHNvbG8gc2UgZm9ybWEgZW4gbGEgaW5mYW5jaWE6IHRhbWJpw6luIGVzdMOhIHByZXNlbnRlIGVuIGxhcyByZWxhY2lvbmVzIGFkdWx0YXMgeSBlbiBlbCA8c3Ryb25nPnByb2Nlc28gdGVyYXDDqXV0aWNvPC9zdHJvbmc+LCBkb25kZSBsYSByZWxhY2nDs24gcHNpY29sw7NnaWNhIHB1ZWRlIGNvbnZlcnRpcnNlIGVuIHVuIGVzcGFjaW8gZGUgc2VndXJpZGFkIHkgcmVwYXJhY2nDs24gZW1vY2lvbmFsLjxicj5MYSB0ZW9yw61hIGRlbCBhcGVnbyBkZSBCb3dsYnkgZXMgZnVuZGFtZW50YWwgZW4gbWkgbWFuZXJhIGRlIGVudGVuZGVyIGxhIHBzaWNvbG9nw61hIHkgZWwgYWNvbXBhw7FhbWllbnRvIHRlcmFww6l1dGljby4gPHN0cm9uZz5Db25zaWRlcm8gcXVlIGVsIGNhbWJpbyBlbW9jaW9uYWwgcHJvZnVuZG8gc2UgcHJvZHVjZSBkZW50cm8gZGUgdW4gdsOtbmN1bG8gc2VndXJvLCBiYXNhZG8gZW4gbGEgZXNjdWNoYSwgbGEgY29uZmlhbnphIHkgZWwgcmVzcGV0byBwb3IgZWwgcml0bW8gZGUgY2FkYSBwZXJzb25hLiA8L3N0cm9uZz5Qb3IgZWxsbywgbWkgdHJhYmFqbyBwb25lIGVzcGVjaWFsIGF0ZW5jacOzbiBlbiBjdWlkYXIgbGEgcmVsYWNpw7NuIHRlcmFww6l1dGljYSBjb21vIHVuIGVzcGFjaW8gZG9uZGUgY29tcHJlbmRlciBsYSBoaXN0b3JpYSB2aW5jdWxhciB5IGFicmlyIG51ZXZhcyBmb3JtYXMgZGUgcmVsYWNpw7NuIGNvbnNpZ28geSBjb24gbG9zIGRlbcOhcy48L3A+CjwhLS0gL3dwOnBhcmFncmFwaCAtLT4KCjwhLS0gd3A6YnV0dG9ucyAtLT4KPGRpdiBjbGFzcz0id3AtYmxvY2stYnV0dG9ucyI+PCEtLSB3cDpidXR0b24gLS0+CjxkaXYgY2xhc3M9IndwLWJsb2NrLWJ1dHRvbiI+PGEgY2xhc3M9IndwLWJsb2NrLWJ1dHRvbl9fbGluayB3cC1lbGVtZW50LWJ1dHRvbiI+PC9hPjwvZGl2Pgo8IS0tIC93cDpidXR0b24gLS0+PC9kaXY+CjwhLS0gL3dwOmJ1dHRvbnMgLS0+PC9kaXY+CjwhLS0gL3dwOmNvbHVtbiAtLT48L2Rpdj4KPCEtLSAvd3A6Y29sdW1ucyAtLT48L2Rpdj4KPCEtLSAvd3A6Z3JvdXAgLS0+Cgo8IS0tIHdwOnBncmFwLS0+PHA+PC9wPgo8IS0tIC93cDpwIC0tPmNsYXNzTmFtZWNsaWVudElkaXNWYWxpZG5hbWVhdHRyaWJ1dGVzdGFnTmFtZXR5cGV0ZXh0aW5uZXJCbG9ja3MsImNsYXNzTmFtZSI6ImlzLXN0eWxlLXJvdW5kZWQiIGlzLXN0eWxlLXJvdW5kZWQ+PHJnPjxhcmFncmEgLS08YnI+TGEgPHN0cm9uZz50ZW9yw61hIGRlbCBhcGVnbzwvc3Ryb25nPiwgZGVzYXJyb2xsYWRhIHBvciBlbCBwc2lxdWlhdHJhIEpvaG4gQm93bGJ5LCBleHBsaWNhIHF1ZSBsb3Mgc2VyZXMgaHVtYW5vcyBuYWNlbW9zIGNvbiB1bmEgbmVjZXNpZGFkIGlubmF0YSBkZSB2aW5jdWxhY2nDs24uIEEgdHJhdsOpcyBkZSBsYXMgcHJpbWVyYXMgcmVsYWNpb25lcywgZXNwZWNpYWxtZW50ZSBlbiBsYSBpbmZhbmNpYSwgc2UgY29uc3RydXllbiBsb3MgbW9kZWxvcyBpbnRlcm5vcyBxdWUgaW5mbHV5ZW4gZW4gY8OzbW8gbm9zIHJlbGFjaW9uYW1vcyBjb24gbG9zIGRlbcOhcyB5IGNvbiBub3NvdHJvcyBtaXNtb3MgYSBsbyBsYXJnbyBkZSBsYSB2aWRhLjxicj48c3Ryb25nPkN1YW5kbyBlbCB2w61uY3VsbyBlcyBzZWd1cm8sIGxhIHBlcnNvbmEgZGVzYXJyb2xsYSBjb25maWFuemEsIGF1dG9ub23DrWEgeSBjYXBhY2lkYWQgcGFyYSBhZnJvbnRhciBsYXMgZGlmaWN1bHRhZGVzLiA8L3N0cm9uZz5FbiBjYW1iaW8sIGV4cGVyaWVuY2lhcyB2aW5jdWxhcmVzIGluc2VndXJhcyBwdWVkZW4gZGFyIGx1Z2FyIGEgZGlmaWN1bHRhZGVzIGVtb2Npb25hbGVzIHkgcmVsYWNpb25hbGVzIHF1ZSBzZSBtYW50aWVuZW4gZW4gbGEgZXRhcGEgYWR1bHRhLjxicj5EZXNkZSBlc3RhIHBlcnNwZWN0aXZhLCBlbCB2w61uY3VsbyBubyBzb2xvIHNlIGZvcm1hIGVuIGxhIGluZmFuY2lhOiB0YW1iacOpbiBlc3TDoSBwcmVzZW50ZSBlbiBsYXMgcmVsYWNpb25lcyBhZHVsdGFzIHkgZW4gZWwgPHN0cm9uZz5wcm9jZXNvIHRlcmFww6l1dGljbzwvc3Ryb25nPiwgZG9uZGUgbGEgcmVsYWNpw7NuIHBzaWNvbMOzZ2ljYSBwdWVkZSBjb252ZXJ0aXJzZSBlbiB1biBlc3BhY2lvIGRlIHNlZ3VyaWRhZCB5IHJlcGFyYWNpw7NuIGVtb2Npb25hbC5lbCA8bWFyayBzdHlsPSJiYWNrZ3JvdW5kLWNvb3I6cmdiYSgwLDAsIDAsIDApIiBjbGFzcz0iaGFzLWlubGluZS1jb2xvciBoYXMtY29udHJhc3QtMi1jb2xvciI+ZWwgbWFyaz48LzxtYXJrIHN0eWxlPSJiYWNrZ3JvdW5kLWNvbG9yOnJnYmEoMCwgMCwgMCwgMCkiIGNsYXNzPSJoYXMtaW5saW5lLWNvbG9yIGhhcy1jb250cmFzdC0yLWNvbG9yIj5tYXJrPjwvbWFyayB5bGU9ImJhY2tndWQtY29sb3I6cmJhKDAsMCwwLCAwKSIgY3NzPSJoYXMtaW5saW5lLWNvbG9yaGEtY29uYXN0LTItY2xvciJlbCB2w61uY3VsbyBlcyBsYSBtYXJrPjwvYnJzdG9ubWsgc3R5bGU9ImJja291bmQtY29sb3I6cmdiKDAsMCwgMCwgMCkiIGNsYXNzPSJoYXNpbmxpbmVjb2xvIGhhLWNvbmFzdC0yLWNsb3IibWFyaz48LzxtYXJrIHN0eWxlPSJiYWNrZ3JvdW5kLWNvbG9yOnJnYmEoMCwgMCwgMCwgMCkiIGNsYXNzPSJoYXMtaW5saW5lLWNvbG9yIGhhcy1jb250cmFzdC0yLWNvbG9yIj5tYXJrPjwvY2xpZW50SWRpc1ZhbGlkb3JpZ2luYWxDb250ZW50bmFtZWF0dHJpYnV0ZXNjb250ZW50PGJyPkxhIHRlb3LDrWEgZGVsIGFwZWdvIGRlIEJvd2xieSBlcyBmdW5kYW1lbnRhbCBlbiBtaSBtYW5lcmEgZGUgZW50ZW5kZXIgbGEgcHNpY29sb2fDrWEgeSBlbCBhY29tcGHDsWFtaWVudG8gdGVyYXDDqXV0aWNvLiA8c3Ryb25nPjxtYXJrIHN0eWxlPSJiYWNrZ3JvdW5kLWNvbG9yOnJnYmEoMCwgMCwgMCwgMCkiIGNsYXNzPSJoYXMtaW5saW5lLWNvbG9yIGhhcy1jb250cmFzdC0yLWNvbG9yIj5Db25zaWRlcm8gcXVlIGVsIGNhbWJpbyBlbW9jaW9uYWwgcHJvZnVuZG8gc2UgcHJvZHVjZSBkZW50cm8gZGUgdW4gdsOtbmN1bG8gc2VndXJvLCBiYXNhZG8gZW4gbGEgZXNjdWNoYSwgbGEgY29uZmlhbnphIHkgZWwgcmVzcGV0byBwb3IgZWwgcml0bW8gZGUgY2FkYSBwZXJzb25hLiA8L21hcms+PC9zdHJvbmc+UG9yIGVsbG8sIG1pIHRyYWJham8gcG9uZSBlc3BlY2lhbCBhdGVuY2nDs24gZW4gY3VpZGFyIGxhIHJlbGFjacOzbiB0ZXJhcMOpdXRpY2EgY29tbyB1biBlc3BhY2lvIGRvbmRlIGNvbXByZW5kZXIgbGEgaGlzdG9yaWEgdmluY3VsYXIgeSBhYnJpciBudWV2YXMgZm9ybWFzIGRlIHJlbGFjacOzbiBjb25zaWdvIHkgY29uIGxvcyBkZW3DoXMuZHJvcENhcGlubmVyQmxvY2tzL3A+CjwhLS0gL3dwOnBhcmFncmFwaCAtLT4KCjwhLS0gd3A6cGFyYWdyYXBoIC0tPgo8cD48BQcFBwUHBQdPAAUIiwEOEAEERQAKDIsBMQgFBwUHBQcIBAgGCAUIBwgHCAYIDggOCAtIAQQYFhMfFQkIBhwBBgEPCAcECkcAC0EIAwECQQEKQQgCAQgEBQcFBwgHDwQKBwgFCQUGCwgHDwQKUQBFAAsIBw8EChELCAcPBApDAAcCCwUIDwsIBw8EChELCAcPBAoHRQALCAcPBAoHQQwCQQEDQQUHCwgHDwQKCwQHEAUJBQIGAQUBBBMOQwAGDQcLAhYEGQUDGQgBDgEJBgMBAwUCAQcIIDoCBYsDDKgCtgYtEgMKvAFBAgIEFyQSDiUJDCYHBioPKggBQgBBAgJBAAJBAJwBkAKrBUEAAgG3AZwGA70BowK3BZICQQYCBAsECQgHBAoHRAALHxFBBAIBAkECqwUMtgGbBkEBCg8KOweeAQcFCgEJBQIIFAIEBwQRB0IBAQoCDgMUBgQDBAcEB54BBwgHDwQKB44JBws2EwEDAAUBBQAAAQcABQEAAAgBAgAqQgMBAEEAAEEAAEEAAEEAAEEAAEEAAEEAAgBBAAIAQQAAQQACAAJBAAIApgRBNRNBCpMDHQE0pwWXBQJBAAYCQwCRAqMCAQ0DkwECpwEbAhlCAAEZBwEIBwgNBQoBMQMRAYsBLa0FDAUGAjUCAQJBBAJBAQIBAkESA0EAAkEJhgMFLoMEDgQBBAGwGhMBCwYLBScCJ6QBrQEQOxYkGgIJAwelASAFDAMJKQUBFjAhXAANBEMAAo4BAgshCoIBHD0qAhYQA6wCAb4CjwECAwJBAAMFCQgJCAkKAQeHAkEDCAEKAwRBAQQDAQ8BAxFBAAhBB0QAQQGAHSgXERkGAgQRHl0AowEEGgYSQQIEGQcCDwsCDxgBpiBBKiJBEQQBRAACQQACAQMBAgECQQACBQECAQJBAQIBQgEBQgABAkEBAkEBAgECAQJBCEIAQQADBAECQQFCAARBAARBAkMAAkEBQgBBA0IBAQIBAwEEAkEFBAVBAAJBAwJBAARBBRgBhQJBAUIBCQMBAwgMBUIAHhFHACYJVQACBgUGAgcIBApCAQ8JRgADAgsDAQIBBg4CBxUrBgsICQIMKwQBFh8ECjAJIAIdCBcRARADEggGAglEACcJBQkDBQENCkYADwEFEwEaAgUCBAMODQQCBA0EAwEOARAFAgQGAQQOCQQDCwEGBwYFBA0KCQIJAx8YBAYPCo4BFogBDQMHQQACAQIBQgA2DwMCAQgCQQGvFkEAhBEFQQM2AgEKAQcCCAIGQQKKEEEAkhBBAIUCowKFAwJBAZ4BB0EDBwwAfQF3JGZjNjdiM2RkLTY0YTgtNDhiZS04M2MwLTQ2MGM3MGEyZjZlM3ckMGQyMGMzYTUtNzM1My00YWMxLTgwODgtMzM1NDFjOTZhNWU5dyRmODA4MWI5YS1iYjU2LTRjM2MtOTczYS1kNDMyNjhmZDkxNDF3JGE1MTM1M2U4LTc5MzYtNDlhMS04MWMwLTZlM2NjODVmNGEyYXfhATxmaWd1cmUgY2xhc3M9IndwLWJsb2NrLWltYWdlIHNpemUtZnVsbCBpcy1zdHlsZS1yb3VuZGVkIj48aW1nIHNyYz0iaHR0cHM6Ly8xMHBzaWNvbG9naWEuY29tL3dwLWNvbnRlbnQvdXBsb2Fkcy8yMDI2LzA0L3BleGVscy1waG90by02Nzg2OTQ3LmpwZWciIGFsdD0iIiBjbGFzcz0id3AtaW1hZ2UtNTAiIHN0eWxlPSJhc3BlY3QtcmF0aW86MTtvYmplY3QtZml0OmNvdmVyIiAvPjwvZmlndXJlPndNaHR0cHM6Ly8xMHBzaWNvbG9naWEuY29tL3dwLWNvbnRlbnQvdXBsb2Fkcy8yMDI2LzA0L3BleGVscy1waG90by02Nzg2OTQ3LmpwZWd7QnnaWivjQAB7Qez6\/NdgAAAFAH0ABwB3JDYzYTcxZmVjLTAwOWYtNGYxNy05YjkyLTRmZTQwOWU0NGE1NnezATxmaWd1cmUgY2xhc3M9IndwLWJsb2NrLXB1bGxxdW90ZSI+PGJsb2NrcXVvdGU+PHA+TGEgc2Vuc2FjacOzbiBkZSBzZWd1cmlkYWQgbmFjZSBkZSBsYSBleHBlcmllbmNpYSBkZSBzZXIgc29zdGVuaWRvcyBwb3Igb3RybzwvcD48Y2l0ZT5NYXJ5IEFpbnN3b3J0aDwvY2l0ZT48L2Jsb2NrcXVvdGU+PC9maWd1cmU+KAB3JDQ4NDJkMTIxLTAxZWYtNGVjNi1iMTRhLTM0MDJmMDE2YzNiM3dGPGRpdiBjbGFzcz0id3AtYmxvY2stY29sdW1uIGlzLXZlcnRpY2FsbHktYWxpZ25lZC1jZW50ZXIiPgoKCgoKCjwvZGl2PnckMjMxZTllMGMtN2Y5Yy00ZTI4LTlhY2UtNGI2ZmQ2MjU1NjVmd0U8aDIgY2xhc3M9IndwLWJsb2NrLWhlYWRpbmcgYWxpZ253aWRlIj7Cv1BvciBxdcOpIGVzIGltcG9ydGFudGU\/PC9oMj53JGYxZGI1MzMwLWExZDgtNDZlNi1iMmYzLTMzMTM4YzgzMzVlMHeBCzxwPkVuIHBzaWNvbG9nw61hLCA8c3Ryb25nPjxtYXJrIHN0eWxlPSJiYWNrZ3JvdW5kLWNvbG9yOnJnYmEoMCwgMCwgMCwgMCkiIGNsYXNzPSJoYXMtaW5saW5lLWNvbG9yIGhhcy1jb250cmFzdC0yLWNvbG9yIj5lbCB2w61uY3VsbyBlcyBsYSByZWxhY2nDs24gZW1vY2lvbmFsIHByb2Z1bmRhIHF1ZSBsYXMgcGVyc29uYXMgZXN0YWJsZWNlbiBjb24gb3RyYXMgZmlndXJhcyBzaWduaWZpY2F0aXZhcy4gPC9tYXJrPjwvc3Ryb25nPkVzdGUgdsOtbmN1bG8gY3VtcGxlIHVuYSBmdW5jacOzbiBlc2VuY2lhbCBlbiBlbCBkZXNhcnJvbGxvIGVtb2Npb25hbCwgbGEgcmVndWxhY2nDs24gZGUgbGFzIGVtb2Npb25lcyB5IGxhIHNlbnNhY2nDs24gZGUgc2VndXJpZGFkIGludGVybmEuPGJyPkxhIDxzdHJvbmc+dGVvcsOtYSBkZWwgYXBlZ288L3N0cm9uZz4sIGRlc2Fycm9sbGFkYSBwb3IgZWwgcHNpcXVpYXRyYSBKb2huIEJvd2xieSwgZXhwbGljYSBxdWUgbG9zIHNlcmVzIGh1bWFub3MgbmFjZW1vcyBjb24gdW5hIG5lY2VzaWRhZCBpbm5hdGEgZGUgdmluY3VsYWNpw7NuLiBBIHRyYXbDqXMgZGUgbGFzIHByaW1lcmFzIHJlbGFjaW9uZXMsIGVzcGVjaWFsbWVudGUgZW4gbGEgaW5mYW5jaWEsIHNlIGNvbnN0cnV5ZW4gbG9zIG1vZGVsb3MgaW50ZXJub3MgcXVlIGluZmx1eWVuIGVuIGPDs21vIG5vcyByZWxhY2lvbmFtb3MgY29uIGxvcyBkZW3DoXMgeSBjb24gbm9zb3Ryb3MgbWlzbW9zIGEgbG8gbGFyZ28gZGUgbGEgdmlkYS48YnI+PHN0cm9uZz48bWFyayBzdHlsZT0iYmFja2dyb3VuZC1jb2xvcjpyZ2JhKDAsIDAsIDAsIDApIiBjbGFzcz0iaGFzLWlubGluZS1jb2xvciBoYXMtY29udHJhc3QtMi1jb2xvciI+Q3VhbmRvIGVsIHbDrW5jdWxvIGVzIHNlZ3VybywgbGEgcGVyc29uYSBkZXNhcnJvbGxhIGNvbmZpYW56YSwgYXV0b25vbcOtYSB5IGNhcGFjaWRhZCBwYXJhIGFmcm9udGFyIGxhcyBkaWZpY3VsdGFkZXMuIDwvbWFyaz48L3N0cm9uZz5FbiBjYW1iaW8sIGV4cGVyaWVuY2lhcyB2aW5jdWxhcmVzIGluc2VndXJhcyBwdWVkZW4gZGFyIGx1Z2FyIGEgZGlmaWN1bHRhZGVzIGVtb2Npb25hbGVzIHkgcmVsYWNpb25hbGVzIHF1ZSBzZSBtYW50aWVuZW4gZW4gbGEgZXRhcGEgYWR1bHRhLjxicj5EZXNkZSBlc3RhIHBlcnNwZWN0aXZhLCBlbCB2w61uY3VsbyBubyBzb2xvIHNlIGZvcm1hIGVuIGxhIGluZmFuY2lhOiB0YW1iacOpbiBlc3TDoSBwcmVzZW50ZSBlbiBsYXMgcmVsYWNpb25lcyBhZHVsdGFzIHkgZW4gZWwgPHN0cm9uZz5wcm9jZXNvIHRlcmFww6l1dGljbzwvc3Ryb25nPiwgZG9uZGUgbGEgcmVsYWNpw7NuIHBzaWNvbMOzZ2ljYSBwdWVkZSBjb252ZXJ0aXJzZSBlbiB1biBlc3BhY2lvIGRlIHNlZ3VyaWRhZCB5IHJlcGFyYWNpw7NuIGVtb2Npb25hbC48L3A+dyRiZmIyYjc3ZS01ZGRkLTRmMjUtYjljMC0yNDRiMzg3ZWM2NDJ33wQ8cD48YnI+TGEgdGVvcsOtYSBkZWwgYXBlZ28gZGUgQm93bGJ5IGVzIGZ1bmRhbWVudGFsIGVuIG1pIG1hbmVyYSBkZSBlbnRlbmRlciBsYSBwc2ljb2xvZ8OtYSB5IGVsIGFjb21wYcOxYW1pZW50byB0ZXJhcMOpdXRpY28uIDxzdHJvbmc+PG1hcmsgc3R5bGU9ImJhY2tncm91bmQtY29sb3I6cmdiYSgwLCAwLCAwLCAwKSIgY2xhc3M9Imhhcy1pbmxpbmUtY29sb3IgaGFzLWNvbnRyYXN0LTItY29sb3IiPkNvbnNpZGVybyBxdWUgZWwgY2FtYmlvIGVtb2Npb25hbCBwcm9mdW5kbyBzZSBwcm9kdWNlIGRlbnRybyBkZSB1biB2w61uY3VsbyBzZWd1cm8sIGJhc2FkbyBlbiBsYSBlc2N1Y2hhLCBsYSBjb25maWFuemEgeSBlbCByZXNwZXRvIHBvciBlbCByaXRtbyBkZSBjYWRhIHBlcnNvbmEuIDwvbWFyaz48L3N0cm9uZz5Qb3IgZWxsbywgbWkgdHJhYmFqbyBwb25lIGVzcGVjaWFsIGF0ZW5jacOzbiBlbiBjdWlkYXIgbGEgcmVsYWNpw7NuIHRlcmFww6l1dGljYSBjb21vIHVuIGVzcGFjaW8gZG9uZGUgY29tcHJlbmRlciBsYSBoaXN0b3JpYSB2aW5jdWxhciB5IGFicmlyIG51ZXZhcyBmb3JtYXMgZGUgcmVsYWNpw7NuIGNvbnNpZ28geSBjb24gbG9zIGRlbcOhcy48L3A+dyQ0ZWQ4NWRhZS0zZTMwLTRmYzQtOTY0NS03NDlkYjdjMjJlY2N3JGU5NDE4ZjRlLWJkZmMtNDcyYy1iYzdlLTMxZmZjNzhjNDY4ZndaPGRpdiBjbGFzcz0id3AtYmxvY2stYnV0dG9uIj48YSBjbGFzcz0id3AtYmxvY2stYnV0dG9uX19saW5rIHdwLWVsZW1lbnQtYnV0dG9uIj48L2E+PC9kaXY+dw5jb3JlL3B1bGxxdW90ZQEAAQC7BwB9tvnVfncGY2xvc2VkdwZjbG9zZWR3AHcAdwB5eXcAdwB4dwdwdWJsaXNodxMyMDI2LTA0LTE5VDEyOjQ5OjU5dxBzb2JyZS1lbC12aW5jdWxveHe9ATxkaXYgY2xhc3M9IndwLWJsb2NrLWdyb3VwIGFsaWduZnVsbCBpcy1zdHlsZS1zZWN0aW9uLTIiIHN0eWxlPSJtYXJnaW4tdG9wOjA7bWFyZ2luLWJvdHRvbTowO3BhZGRpbmctdG9wOnZhcigtLXdwLS1wcmVzZXQtLXNwYWNpbmctLTQwKTtwYWRkaW5nLWJvdHRvbTp2YXIoLS13cC0tcHJlc2V0LS1zcGFjaW5nLS00MCkiPjwvZGl2PncKY29yZS9ncm91cHcDZGl2dgMEbmFtZXcFSW50cm8KY2F0ZWdvcmllc3UBdwVhYm91dAtwYXR0ZXJuTmFtZXcmYThjL2ludHJvLWltYWdlLXJpZ2h0LWFuZC1jb250ZW50LWxlZnR3BGZ1bGx3HGFsaWduZnVsbCBpcy1zdHlsZS1zZWN0aW9uLTJ2AQdzcGFjaW5ndgIGbWFyZ2ludgIDdG9wdwEwBmJvdHRvbXcBMAdwYWRkaW5ndgIDdG9wdxV2YXI6cHJlc2V0fHNwYWNpbmd8NDAGYm90dG9tdxV2YXI6cHJlc2V0fHNwYWNpbmd8NDB2AgR0eXBldwtjb25zdHJhaW5lZA5qdXN0aWZ5Q29udGVudHcGY2VudGVyeHdOPGRpdiBjbGFzcz0id3AtYmxvY2stY29sdW1ucyBhbGlnbndpZGUgYXJlLXZlcnRpY2FsbHktYWxpZ25lZC1jZW50ZXIiPgoKPC9kaXY+dwxjb3JlL2NvbHVtbnN3BmNlbnRlcnh3BHdpZGV2AQdzcGFjaW5ndgEIYmxvY2tHYXB2AgN0b3B3FXZhcjpwcmVzZXR8c3BhY2luZ3w1MARsZWZ0dxV2YXI6cHJlc2V0fHNwYWNpbmd8NDB4d0A8ZGl2IGNsYXNzPSJ3cC1ibG9jay1jb2x1bW4gaXMtdmVydGljYWxseS1hbGlnbmVkLWNlbnRlciI+PC9kaXY+dwtjb3JlL2NvbHVtbncGY2VudGVyeHcKY29yZS9pbWFnZXcAdwExdwVjb3ZlcncEZnVsbHcEbm9uZXh3C2NvcmUvY29sdW1udwZjZW50ZXJ4dwxjb3JlL2hlYWRpbmd9AncEd2lkZXh3DmNvcmUvcGFyYWdyYXBoeXh3JDxkaXYgY2xhc3M9IndwLWJsb2NrLWJ1dHRvbnMiPjwvZGl2PncMY29yZS9idXR0b25zfTJ3EGlzLXN0eWxlLXJvdW5kZWR4dwtjb3JlL2J1dHRvbncBYXcGYnV0dG9ueHcOY29yZS9wYXJhZ3JhcGh5B7vN374OAgEABgG9\/LKkDAEAA4LE6qgGAgABAgKSkpSBBgMABgsETgHTp46yBAEAAPmwhJsEAQAA5pfRygFRAAIBEgMAC9MBHBwBAAbEFBDfHAEAAQABAQFULdkiAQAMAAoABwABAAIAAQEGAAEABQABAAMhBAABAAMAAQADABQABdEBAwAFngEBAwcBHgENCAYCAQPRAYQK\/AcJfk0BFQFHAgyvAgIIBgEABgABAQQABAHYBAABAQQBlgQ1lwUOkgECBAEDABIHBAEB+xMBADc3AQABCQEAAQYBAQEHBgEDqBDrAgCdBO4DAwBlAGVlpwIAAQA=\",\"updateId\":123991525}","advanced_seo_description":"","jetpack_seo_html_title":"","jetpack_seo_noindex":false,"footnotes":""},"class_list":["post-46","page","type-page","status-publish","hentry"],"jetpack_likes_enabled":true,"jetpack_sharing_enabled":true,"jetpack_shortlink":"https:\/\/wp.me\/PhcOPb-K","jetpack-related-posts":[],"_links":{"self":[{"href":"https:\/\/10psicologia.com\/cat\/wp-json\/wp\/v2\/pages\/46","targetHints":{"allow":["GET"]}}],"collection":[{"href":"https:\/\/10psicologia.com\/cat\/wp-json\/wp\/v2\/pages"}],"about":[{"href":"https:\/\/10psicologia.com\/cat\/wp-json\/wp\/v2\/types\/page"}],"author":[{"embeddable":true,"href":"https:\/\/10psicologia.com\/cat\/wp-json\/wp\/v2\/users\/132824694"}],"replies":[{"embeddable":true,"href":"https:\/\/10psicologia.com\/cat\/wp-json\/wp\/v2\/comments?post=46"}],"version-history":[{"count":10,"href":"https:\/\/10psicologia.com\/cat\/wp-json\/wp\/v2\/pages\/46\/revisions"}],"predecessor-version":[{"id":116,"href":"https:\/\/10psicologia.com\/cat\/wp-json\/wp\/v2\/pages\/46\/revisions\/116"}],"wp:attachment":[{"href":"https:\/\/10psicologia.com\/cat\/wp-json\/wp\/v2\/media?parent=46"}],"curies":[{"name":"wp","href":"https:\/\/api.w.org\/{rel}","templated":true}]}}